{"id":1448,"date":"2022-08-25T13:27:00","date_gmt":"2022-08-25T13:27:00","guid":{"rendered":"https:\/\/lamaos.com.co\/home\/home\/"},"modified":"2024-10-05T16:21:01","modified_gmt":"2024-10-05T16:21:01","slug":"home","status":"publish","type":"page","link":"https:\/\/lamaos.com.co\/home\/","title":{"rendered":"INICIO"},"content":{"rendered":"\t\t<div data-elementor-type=\"wp-page\" data-elementor-id=\"1448\" class=\"elementor elementor-1448\">\n\t\t\t\t<div class=\"elementor-element elementor-element-9783628 e-flex e-con-boxed e-con e-parent\" data-id=\"9783628\" data-element_type=\"container\" data-e-type=\"container\" data-settings=\"{&quot;background_background&quot;:&quot;video&quot;,&quot;background_video_link&quot;:&quot;https:\\\/\\\/cdn.pixabay.com\\\/video\\\/2021\\\/07\\\/07\\\/80618-572367613_small.mp4&quot;}\">\n\t\t\t\t\t<div class=\"e-con-inner\">\n\t\t<div class=\"elementor-background-video-container elementor-hidden-mobile\">\n\t\t\t\t\t\t\t<video class=\"elementor-background-video-hosted\" role=\"presentation\" autoplay muted playsinline loop><\/video>\n\t\t\t\t\t<\/div><div class=\"elementor-element elementor-element-05ba369 e-con-full e-flex e-con e-child\" data-id=\"05ba369\" data-element_type=\"container\" data-e-type=\"container\">\n\t\t\t\t<div class=\"elementor-element elementor-element-5117318 elementor-widget elementor-widget-spacer\" data-id=\"5117318\" data-element_type=\"widget\" data-e-type=\"widget\" data-widget_type=\"spacer.default\">\n\t\t\t\t<div class=\"elementor-widget-container\">\n\t\t\t\t\t\t\t<div class=\"elementor-spacer\">\n\t\t\t<div class=\"elementor-spacer-inner\"><\/div>\n\t\t<\/div>\n\t\t\t\t\t\t<\/div>\n\t\t\t\t<\/div>\n\t\t\t\t<div class=\"elementor-element elementor-element-936a3d8 elementor-invisible elementor-widget elementor-widget-heading\" data-id=\"936a3d8\" data-element_type=\"widget\" data-e-type=\"widget\" data-settings=\"{&quot;_animation&quot;:&quot;fadeIn&quot;,&quot;_animation_delay&quot;:300}\" data-widget_type=\"heading.default\">\n\t\t\t\t<div class=\"elementor-widget-container\">\n\t\t\t\t\t<h1 class=\"elementor-heading-title elementor-size-default\">repuestos<\/h1>\t\t\t\t<\/div>\n\t\t\t\t<\/div>\n\t\t\t\t<div class=\"elementor-element elementor-element-c861921 elementor-invisible elementor-widget elementor-widget-heading\" data-id=\"c861921\" data-element_type=\"widget\" data-e-type=\"widget\" data-settings=\"{&quot;_animation&quot;:&quot;fadeInDown&quot;,&quot;_animation_delay&quot;:300}\" data-widget_type=\"heading.default\">\n\t\t\t\t<div class=\"elementor-widget-container\">\n\t\t\t\t\t<h2 class=\"elementor-heading-title elementor-size-default\">para MAQUINARIA AMARILLA<\/h2>\t\t\t\t<\/div>\n\t\t\t\t<\/div>\n\t\t\t\t<div class=\"elementor-element elementor-element-0e8694a elementor-align-center elementor-widget elementor-widget-button\" data-id=\"0e8694a\" data-element_type=\"widget\" data-e-type=\"widget\" data-widget_type=\"button.default\">\n\t\t\t\t<div class=\"elementor-widget-container\">\n\t\t\t\t\t\t\t\t\t<div class=\"elementor-button-wrapper\">\n\t\t\t\t\t<a class=\"elementor-button elementor-button-link elementor-size-sm\" href=\"https:\/\/wa.link\/817pp3\">\n\t\t\t\t\t\t<span class=\"elementor-button-content-wrapper\">\n\t\t\t\t\t\t\t\t\t<span class=\"elementor-button-text\">CONT\u00c1CTANOS<\/span>\n\t\t\t\t\t<\/span>\n\t\t\t\t\t<\/a>\n\t\t\t\t<\/div>\n\t\t\t\t\t\t\t\t<\/div>\n\t\t\t\t<\/div>\n\t\t\t\t<\/div>\n\t\t\t\t\t<\/div>\n\t\t\t\t<\/div>\n\t\t<div class=\"elementor-element elementor-element-dc4d543 e-flex e-con-boxed e-con e-parent\" data-id=\"dc4d543\" data-element_type=\"container\" data-e-type=\"container\">\n\t\t\t\t\t<div class=\"e-con-inner\">\n\t\t<div class=\"elementor-element elementor-element-37f0b92 e-con-full e-flex e-con e-child\" data-id=\"37f0b92\" data-element_type=\"container\" data-e-type=\"container\">\n\t\t\t\t<div class=\"elementor-element elementor-element-b82a2ca elementor-widget elementor-widget-image\" data-id=\"b82a2ca\" data-element_type=\"widget\" data-e-type=\"widget\" data-widget_type=\"image.default\">\n\t\t\t\t<div class=\"elementor-widget-container\">\n\t\t\t\t\t\t\t\t\t\t\t\t\t\t\t<img fetchpriority=\"high\" decoding=\"async\" width=\"700\" height=\"616\" src=\"https:\/\/lamaos.com.co\/home\/wp-content\/uploads\/2024\/02\/costex-tractor-parts-cover-1.png\" class=\"attachment-full size-full wp-image-15\" alt=\"\" srcset=\"https:\/\/lamaos.com.co\/home\/wp-content\/uploads\/2024\/02\/costex-tractor-parts-cover-1.png 700w, https:\/\/lamaos.com.co\/home\/wp-content\/uploads\/2024\/02\/costex-tractor-parts-cover-1-600x528.png 600w, https:\/\/lamaos.com.co\/home\/wp-content\/uploads\/2024\/02\/costex-tractor-parts-cover-1-300x264.png 300w\" sizes=\"(max-width: 700px) 100vw, 700px\" \/>\t\t\t\t\t\t\t\t\t\t\t\t\t\t\t<\/div>\n\t\t\t\t<\/div>\n\t\t\t\t<div class=\"elementor-element elementor-element-d8fd14a elementor-widget elementor-widget-heading\" data-id=\"d8fd14a\" data-element_type=\"widget\" data-e-type=\"widget\" data-widget_type=\"heading.default\">\n\t\t\t\t<div class=\"elementor-widget-container\">\n\t\t\t\t\t<h4 class=\"elementor-heading-title elementor-size-default\">R\u00c1PIDA RESPUESTA DE IMPORTACI\u00d3N<\/h4>\t\t\t\t<\/div>\n\t\t\t\t<\/div>\n\t\t\t\t<div class=\"elementor-element elementor-element-dcf4cd7 elementor-widget elementor-widget-text-editor\" data-id=\"dcf4cd7\" data-element_type=\"widget\" data-e-type=\"widget\" data-widget_type=\"text-editor.default\">\n\t\t\t\t<div class=\"elementor-widget-container\">\n\t\t\t\t\t\t\t\t\t<p>Sobresalimos por nuestra r\u00e1pida respuesta en la b\u00fasqueda de repuestos de maquinaria pesada, ya que contamos con un sistema de importaci\u00f3n eficaz y proveedores que aseguran calidad y cumplimiento.<\/p>\t\t\t\t\t\t\t\t<\/div>\n\t\t\t\t<\/div>\n\t\t\t\t<\/div>\n\t\t<div class=\"elementor-element elementor-element-781bb8f e-con-full e-flex e-con e-child\" data-id=\"781bb8f\" data-element_type=\"container\" data-e-type=\"container\">\n\t\t\t\t<div class=\"elementor-element elementor-element-f9ec8cb elementor-widget elementor-widget-image\" data-id=\"f9ec8cb\" data-element_type=\"widget\" data-e-type=\"widget\" data-widget_type=\"image.default\">\n\t\t\t\t<div class=\"elementor-widget-container\">\n\t\t\t\t\t\t\t\t\t\t\t\t\t\t\t<img decoding=\"async\" width=\"1706\" height=\"1501\" src=\"https:\/\/lamaos.com.co\/home\/wp-content\/uploads\/2024\/04\/jason-jarrach-QqXVYmXj8mk-unsplash-scaled-e1712074869443.jpg\" class=\"attachment-full size-full wp-image-1878\" alt=\"\" srcset=\"https:\/\/lamaos.com.co\/home\/wp-content\/uploads\/2024\/04\/jason-jarrach-QqXVYmXj8mk-unsplash-scaled-e1712074869443.jpg 1706w, https:\/\/lamaos.com.co\/home\/wp-content\/uploads\/2024\/04\/jason-jarrach-QqXVYmXj8mk-unsplash-scaled-e1712074869443-600x528.jpg 600w, https:\/\/lamaos.com.co\/home\/wp-content\/uploads\/2024\/04\/jason-jarrach-QqXVYmXj8mk-unsplash-scaled-e1712074869443-300x264.jpg 300w, https:\/\/lamaos.com.co\/home\/wp-content\/uploads\/2024\/04\/jason-jarrach-QqXVYmXj8mk-unsplash-scaled-e1712074869443-768x676.jpg 768w, https:\/\/lamaos.com.co\/home\/wp-content\/uploads\/2024\/04\/jason-jarrach-QqXVYmXj8mk-unsplash-scaled-e1712074869443-1024x901.jpg 1024w, https:\/\/lamaos.com.co\/home\/wp-content\/uploads\/2024\/04\/jason-jarrach-QqXVYmXj8mk-unsplash-scaled-e1712074869443-1536x1351.jpg 1536w\" sizes=\"(max-width: 1706px) 100vw, 1706px\" \/>\t\t\t\t\t\t\t\t\t\t\t\t\t\t\t<\/div>\n\t\t\t\t<\/div>\n\t\t\t\t<div class=\"elementor-element elementor-element-d2fecca elementor-widget elementor-widget-heading\" data-id=\"d2fecca\" data-element_type=\"widget\" data-e-type=\"widget\" data-widget_type=\"heading.default\">\n\t\t\t\t<div class=\"elementor-widget-container\">\n\t\t\t\t\t<h4 class=\"elementor-heading-title elementor-size-default\">VAMOS MAS ALL\u00c1 DE OFRECER REPUESTOS<\/h4>\t\t\t\t<\/div>\n\t\t\t\t<\/div>\n\t\t\t\t<div class=\"elementor-element elementor-element-b89b372 elementor-widget elementor-widget-text-editor\" data-id=\"b89b372\" data-element_type=\"widget\" data-e-type=\"widget\" data-widget_type=\"text-editor.default\">\n\t\t\t\t<div class=\"elementor-widget-container\">\n\t\t\t\t\t\t\t\t\t<p>Brindamos una soluci\u00f3n completa alta en calidad.\u00a0\u00a0Creemos en ofrecer soluciones que no s\u00f3lo cumplan sino que superen sus expectativas. Desde filtros hasta componentes del tren de rodaje,<\/p>\t\t\t\t\t\t\t\t<\/div>\n\t\t\t\t<\/div>\n\t\t\t\t<\/div>\n\t\t<div class=\"elementor-element elementor-element-bd4315a e-con-full e-flex e-con e-child\" data-id=\"bd4315a\" data-element_type=\"container\" data-e-type=\"container\">\n\t\t\t\t<div class=\"elementor-element elementor-element-e34e69c elementor-widget elementor-widget-image\" data-id=\"e34e69c\" data-element_type=\"widget\" data-e-type=\"widget\" data-widget_type=\"image.default\">\n\t\t\t\t<div class=\"elementor-widget-container\">\n\t\t\t\t\t\t\t\t\t\t\t\t\t\t\t<img decoding=\"async\" width=\"607\" height=\"536\" src=\"https:\/\/lamaos.com.co\/home\/wp-content\/uploads\/2024\/04\/ctp-auction-2-e1712093252843.png\" class=\"attachment-full size-full wp-image-1880\" alt=\"\" srcset=\"https:\/\/lamaos.com.co\/home\/wp-content\/uploads\/2024\/04\/ctp-auction-2-e1712093252843.png 607w, https:\/\/lamaos.com.co\/home\/wp-content\/uploads\/2024\/04\/ctp-auction-2-e1712093252843-600x530.png 600w, https:\/\/lamaos.com.co\/home\/wp-content\/uploads\/2024\/04\/ctp-auction-2-e1712093252843-300x265.png 300w\" sizes=\"(max-width: 607px) 100vw, 607px\" \/>\t\t\t\t\t\t\t\t\t\t\t\t\t\t\t<\/div>\n\t\t\t\t<\/div>\n\t\t\t\t<div class=\"elementor-element elementor-element-956f5b9 elementor-widget elementor-widget-heading\" data-id=\"956f5b9\" data-element_type=\"widget\" data-e-type=\"widget\" data-widget_type=\"heading.default\">\n\t\t\t\t<div class=\"elementor-widget-container\">\n\t\t\t\t\t<h4 class=\"elementor-heading-title elementor-size-default\">INVENTARIO EXTENSO<\/h4>\t\t\t\t<\/div>\n\t\t\t\t<\/div>\n\t\t\t\t<div class=\"elementor-element elementor-element-18dcf8d elementor-widget elementor-widget-text-editor\" data-id=\"18dcf8d\" data-element_type=\"widget\" data-e-type=\"widget\" data-widget_type=\"text-editor.default\">\n\t\t\t\t<div class=\"elementor-widget-container\">\n\t\t\t\t\t\t\t\t\t<p>Explore nuestro extenso inventario con piezas de repuesto de alta calidad. Ya sea que est\u00e9 en la construcci\u00f3n o en la miner\u00eda, lo tenemos cubierto. Adem\u00e1s de nuestro inventario disponible, contamos con la red m\u00e1s grande de distribuidores a nivel nacional e internacional.<\/p>\t\t\t\t\t\t\t\t<\/div>\n\t\t\t\t<\/div>\n\t\t\t\t<\/div>\n\t\t\t\t\t<\/div>\n\t\t\t\t<\/div>\n\t\t<div class=\"elementor-element elementor-element-31b7e78 e-flex e-con-boxed e-con e-parent\" data-id=\"31b7e78\" data-element_type=\"container\" data-e-type=\"container\">\n\t\t\t\t\t<div class=\"e-con-inner\">\n\t\t\t\t<div class=\"elementor-element elementor-element-ba23498 elementor-widget elementor-widget-image\" data-id=\"ba23498\" data-element_type=\"widget\" data-e-type=\"widget\" data-widget_type=\"image.default\">\n\t\t\t\t<div class=\"elementor-widget-container\">\n\t\t\t\t\t\t\t\t\t\t\t\t\t\t\t<img loading=\"lazy\" decoding=\"async\" width=\"1024\" height=\"85\" src=\"https:\/\/lamaos.com.co\/home\/wp-content\/uploads\/2024\/09\/White-Minimalist-Simple-Aesthetic-Name-Twitter-Header-e1727542448250-1024x85.png\" class=\"attachment-large size-large wp-image-2087\" alt=\"\" srcset=\"https:\/\/lamaos.com.co\/home\/wp-content\/uploads\/2024\/09\/White-Minimalist-Simple-Aesthetic-Name-Twitter-Header-e1727542448250-1024x85.png 1024w, https:\/\/lamaos.com.co\/home\/wp-content\/uploads\/2024\/09\/White-Minimalist-Simple-Aesthetic-Name-Twitter-Header-e1727542448250-600x50.png 600w, https:\/\/lamaos.com.co\/home\/wp-content\/uploads\/2024\/09\/White-Minimalist-Simple-Aesthetic-Name-Twitter-Header-e1727542448250-300x25.png 300w, https:\/\/lamaos.com.co\/home\/wp-content\/uploads\/2024\/09\/White-Minimalist-Simple-Aesthetic-Name-Twitter-Header-e1727542448250-768x64.png 768w, https:\/\/lamaos.com.co\/home\/wp-content\/uploads\/2024\/09\/White-Minimalist-Simple-Aesthetic-Name-Twitter-Header-e1727542448250.png 1500w\" sizes=\"(max-width: 1024px) 100vw, 1024px\" \/>\t\t\t\t\t\t\t\t\t\t\t\t\t\t\t<\/div>\n\t\t\t\t<\/div>\n\t\t\t\t\t<\/div>\n\t\t\t\t<\/div>\n\t\t<div class=\"elementor-element elementor-element-79c45e3 e-flex e-con-boxed e-con e-parent\" data-id=\"79c45e3\" data-element_type=\"container\" data-e-type=\"container\" data-settings=\"{&quot;background_background&quot;:&quot;classic&quot;}\">\n\t\t\t\t\t<div class=\"e-con-inner\">\n\t\t<div class=\"elementor-element elementor-element-e5856a5 e-con-full e-flex e-con e-child\" data-id=\"e5856a5\" data-element_type=\"container\" data-e-type=\"container\">\n\t\t\t\t<div class=\"elementor-element elementor-element-730927d elementor-widget elementor-widget-heading\" data-id=\"730927d\" data-element_type=\"widget\" data-e-type=\"widget\" data-widget_type=\"heading.default\">\n\t\t\t\t<div class=\"elementor-widget-container\">\n\t\t\t\t\t<h2 class=\"elementor-heading-title elementor-size-default\">\u00bfquienes somos?<\/h2>\t\t\t\t<\/div>\n\t\t\t\t<\/div>\n\t\t\t\t<div class=\"elementor-element elementor-element-76c64fc elementor-widget elementor-widget-text-editor\" data-id=\"76c64fc\" data-element_type=\"widget\" data-e-type=\"widget\" data-widget_type=\"text-editor.default\">\n\t\t\t\t<div class=\"elementor-widget-container\">\n\t\t\t\t\t\t\t\t\t<p>Nuestra organizaci\u00f3n est\u00e1 dedicada a la importaci\u00f3n y suministro de repuestos y componentes de maquinaria para construcci\u00f3n agr\u00edcola, minera y de todo tipo. LAMAOS S.A es el resultado de un proceso de innovaci\u00f3n y cambio para lo cual nos propusimos atender integralmente a todos nuestros clientes siendo nuestra principal consigna.<\/p>\t\t\t\t\t\t\t\t<\/div>\n\t\t\t\t<\/div>\n\t\t\t\t<\/div>\n\t\t<div class=\"elementor-element elementor-element-52da0ea e-con-full e-flex e-con e-child\" data-id=\"52da0ea\" data-element_type=\"container\" data-e-type=\"container\">\n\t\t\t\t<div class=\"elementor-element elementor-element-5ee262f elementor-widget elementor-widget-image\" data-id=\"5ee262f\" data-element_type=\"widget\" data-e-type=\"widget\" data-widget_type=\"image.default\">\n\t\t\t\t<div class=\"elementor-widget-container\">\n\t\t\t\t\t\t\t\t\t\t\t\t\t\t\t<img loading=\"lazy\" decoding=\"async\" width=\"993\" height=\"745\" src=\"https:\/\/lamaos.com.co\/home\/wp-content\/uploads\/2024\/04\/8bc270_5a03eb7cd3a24c1d8fb3b357f5e3fe07.webp\" class=\"attachment-large size-large wp-image-1881\" alt=\"\" srcset=\"https:\/\/lamaos.com.co\/home\/wp-content\/uploads\/2024\/04\/8bc270_5a03eb7cd3a24c1d8fb3b357f5e3fe07.webp 993w, https:\/\/lamaos.com.co\/home\/wp-content\/uploads\/2024\/04\/8bc270_5a03eb7cd3a24c1d8fb3b357f5e3fe07-600x450.webp 600w, https:\/\/lamaos.com.co\/home\/wp-content\/uploads\/2024\/04\/8bc270_5a03eb7cd3a24c1d8fb3b357f5e3fe07-300x225.webp 300w, https:\/\/lamaos.com.co\/home\/wp-content\/uploads\/2024\/04\/8bc270_5a03eb7cd3a24c1d8fb3b357f5e3fe07-768x576.webp 768w\" sizes=\"(max-width: 993px) 100vw, 993px\" \/>\t\t\t\t\t\t\t\t\t\t\t\t\t\t\t<\/div>\n\t\t\t\t<\/div>\n\t\t\t\t<\/div>\n\t\t\t\t\t<\/div>\n\t\t\t\t<\/div>\n\t\t<div class=\"elementor-element elementor-element-7a7b871 e-flex e-con-boxed e-con e-parent\" data-id=\"7a7b871\" data-element_type=\"container\" data-e-type=\"container\" data-settings=\"{&quot;background_background&quot;:&quot;video&quot;,&quot;background_video_link&quot;:&quot;https:\\\/\\\/cdn.pixabay.com\\\/video\\\/2022\\\/04\\\/18\\\/114368-700648237_small.mp4&quot;,&quot;background_video_start&quot;:5,&quot;background_video_end&quot;:20,&quot;background_play_once&quot;:&quot;yes&quot;,&quot;background_play_on_mobile&quot;:&quot;yes&quot;}\">\n\t\t\t\t\t<div class=\"e-con-inner\">\n\t\t<div class=\"elementor-background-video-container\">\n\t\t\t\t\t\t\t<video class=\"elementor-background-video-hosted\" role=\"presentation\" autoplay muted playsinline><\/video>\n\t\t\t\t\t<\/div><div class=\"elementor-element elementor-element-e29a3fa e-con-full e-flex e-con e-child\" data-id=\"e29a3fa\" data-element_type=\"container\" data-e-type=\"container\">\n\t\t\t\t<div class=\"elementor-element elementor-element-ba46944 elementor-widget elementor-widget-heading\" data-id=\"ba46944\" data-element_type=\"widget\" data-e-type=\"widget\" data-widget_type=\"heading.default\">\n\t\t\t\t<div class=\"elementor-widget-container\">\n\t\t\t\t\t<h2 class=\"elementor-heading-title elementor-size-default\">nuestro compromiso<\/h2>\t\t\t\t<\/div>\n\t\t\t\t<\/div>\n\t\t\t\t<div class=\"elementor-element elementor-element-8e24a9a elementor-widget elementor-widget-text-editor\" data-id=\"8e24a9a\" data-element_type=\"widget\" data-e-type=\"widget\" data-widget_type=\"text-editor.default\">\n\t\t\t\t<div class=\"elementor-widget-container\">\n\t\t\t\t\t\t\t\t\t<p>A trav\u00e9s del tiempo, siempre en contacto directo con nuestros clientes, hemos ido observando y atendiendo sus necesidades, integrando a nuestro stock la mayor\u00eda de partes que se solicitan m\u00e1s asiduamente, con el objetivo de atender de inmediato los requerimientos diarios, ubicando tambi\u00e9n los mejores y m\u00e1s eficientes proveedores internacionales para asegurar la mejor calidad, los mejores precios y mejor tiempo de entrega, debido a la demanda existente y a la firmeza de nuestra compa\u00f1\u00eda.<\/p>\t\t\t\t\t\t\t\t<\/div>\n\t\t\t\t<\/div>\n\t\t\t\t<div class=\"elementor-element elementor-element-491d02f elementor-align-center elementor-widget elementor-widget-button\" data-id=\"491d02f\" data-element_type=\"widget\" data-e-type=\"widget\" data-widget_type=\"button.default\">\n\t\t\t\t<div class=\"elementor-widget-container\">\n\t\t\t\t\t\t\t\t\t<div class=\"elementor-button-wrapper\">\n\t\t\t\t\t<a class=\"elementor-button elementor-button-link elementor-size-sm\" href=\"https:\/\/wa.link\/817pp3\">\n\t\t\t\t\t\t<span class=\"elementor-button-content-wrapper\">\n\t\t\t\t\t\t\t\t\t<span class=\"elementor-button-text\">CONT\u00c1CTANOS<\/span>\n\t\t\t\t\t<\/span>\n\t\t\t\t\t<\/a>\n\t\t\t\t<\/div>\n\t\t\t\t\t\t\t\t<\/div>\n\t\t\t\t<\/div>\n\t\t\t\t<\/div>\n\t\t\t\t\t<\/div>\n\t\t\t\t<\/div>\n\t\t\t\t<\/div>\n\t\t","protected":false},"excerpt":{"rendered":"<p>repuestos para MAQUINARIA AMARILLA CONT\u00c1CTANOS R\u00c1PIDA RESPUESTA DE IMPORTACI\u00d3N Sobresalimos por nuestra r\u00e1pida respuesta en la b\u00fasqueda de repuestos de maquinaria pesada, ya que contamos con un sistema de importaci\u00f3n eficaz y proveedores que aseguran calidad y cumplimiento. VAMOS MAS ALL\u00c1 DE OFRECER REPUESTOS Brindamos una soluci\u00f3n completa alta en calidad.\u00a0\u00a0Creemos en ofrecer soluciones que [&hellip;]<\/p>\n","protected":false},"author":1,"featured_media":0,"parent":0,"menu_order":0,"comment_status":"closed","ping_status":"closed","template":"","meta":{"site-sidebar-layout":"no-sidebar","site-content-layout":"page-builder","ast-site-content-layout":"full-width-container","site-content-style":"unboxed","site-sidebar-style":"unboxed","ast-global-header-display":"","ast-banner-title-visibility":"","ast-main-header-display":"","ast-hfb-above-header-display":"","ast-hfb-below-header-display":"","ast-hfb-mobile-header-display":"","site-post-title":"disabled","ast-breadcrumbs-content":"","ast-featured-img":"disabled","footer-sml-layout":"","theme-transparent-header-meta":"disabled","adv-header-id-meta":"","stick-header-meta":"","header-above-stick-meta":"","header-main-stick-meta":"","header-below-stick-meta":"","astra-migrate-meta-layouts":"set","ast-page-background-enabled":"default","ast-page-background-meta":{"desktop":{"background-color":"var(--ast-global-color-4)","background-image":"","background-repeat":"repeat","background-position":"center center","background-size":"auto","background-attachment":"scroll","background-type":"","background-media":"","overlay-type":"","overlay-color":"","overlay-opacity":"","overlay-gradient":""},"tablet":{"background-color":"","background-image":"","background-repeat":"repeat","background-position":"center center","background-size":"auto","background-attachment":"scroll","background-type":"","background-media":"","overlay-type":"","overlay-color":"","overlay-opacity":"","overlay-gradient":""},"mobile":{"background-color":"","background-image":"","background-repeat":"repeat","background-position":"center center","background-size":"auto","background-attachment":"scroll","background-type":"","background-media":"","overlay-type":"","overlay-color":"","overlay-opacity":"","overlay-gradient":""}},"ast-content-background-meta":{"desktop":{"background-color":"var(--ast-global-color-5)","background-image":"","background-repeat":"repeat","background-position":"center center","background-size":"auto","background-attachment":"scroll","background-type":"","background-media":"","overlay-type":"","overlay-color":"","overlay-opacity":"","overlay-gradient":""},"tablet":{"background-color":"var(--ast-global-color-5)","background-image":"","background-repeat":"repeat","background-position":"center center","background-size":"auto","background-attachment":"scroll","background-type":"","background-media":"","overlay-type":"","overlay-color":"","overlay-opacity":"","overlay-gradient":""},"mobile":{"background-color":"var(--ast-global-color-5)","background-image":"","background-repeat":"repeat","background-position":"center center","background-size":"auto","background-attachment":"scroll","background-type":"","background-media":"","overlay-type":"","overlay-color":"","overlay-opacity":"","overlay-gradient":""}},"_joinchat":[],"footnotes":""},"class_list":["post-1448","page","type-page","status-publish","hentry"],"_links":{"self":[{"href":"https:\/\/lamaos.com.co\/home\/wp-json\/wp\/v2\/pages\/1448","targetHints":{"allow":["GET"]}}],"collection":[{"href":"https:\/\/lamaos.com.co\/home\/wp-json\/wp\/v2\/pages"}],"about":[{"href":"https:\/\/lamaos.com.co\/home\/wp-json\/wp\/v2\/types\/page"}],"author":[{"embeddable":true,"href":"https:\/\/lamaos.com.co\/home\/wp-json\/wp\/v2\/users\/1"}],"replies":[{"embeddable":true,"href":"https:\/\/lamaos.com.co\/home\/wp-json\/wp\/v2\/comments?post=1448"}],"version-history":[{"count":64,"href":"https:\/\/lamaos.com.co\/home\/wp-json\/wp\/v2\/pages\/1448\/revisions"}],"predecessor-version":[{"id":2118,"href":"https:\/\/lamaos.com.co\/home\/wp-json\/wp\/v2\/pages\/1448\/revisions\/2118"}],"wp:attachment":[{"href":"https:\/\/lamaos.com.co\/home\/wp-json\/wp\/v2\/media?parent=1448"}],"curies":[{"name":"wp","href":"https:\/\/api.w.org\/{rel}","templated":true}]}}