{"id":1819,"date":"2021-11-21T15:14:19","date_gmt":"2021-11-21T15:14:19","guid":{"rendered":"https:\/\/lamaos.com.co\/home\/about\/"},"modified":"2024-10-05T16:17:55","modified_gmt":"2024-10-05T16:17:55","slug":"sobre-nosotros","status":"publish","type":"page","link":"https:\/\/lamaos.com.co\/home\/sobre-nosotros\/","title":{"rendered":"SOBRE NOSOTROS"},"content":{"rendered":"\t\t<div data-elementor-type=\"wp-page\" data-elementor-id=\"1819\" class=\"elementor elementor-1819\">\n\t\t\t\t<div class=\"elementor-element elementor-element-4094ee7 e-flex e-con-boxed e-con e-parent\" data-id=\"4094ee7\" data-element_type=\"container\" data-e-type=\"container\" data-settings=\"{&quot;background_background&quot;:&quot;classic&quot;}\">\n\t\t\t\t\t<div class=\"e-con-inner\">\n\t\t<div class=\"elementor-element elementor-element-8695738 e-con-full e-flex e-con e-child\" data-id=\"8695738\" data-element_type=\"container\" data-e-type=\"container\">\n\t\t\t\t<div class=\"elementor-element elementor-element-2646c9c elementor-widget elementor-widget-heading\" data-id=\"2646c9c\" data-element_type=\"widget\" data-e-type=\"widget\" data-widget_type=\"heading.default\">\n\t\t\t\t<div class=\"elementor-widget-container\">\n\t\t\t\t\t<h1 class=\"elementor-heading-title elementor-size-default\">nuestro compromiso<\/h1>\t\t\t\t<\/div>\n\t\t\t\t<\/div>\n\t\t\t\t<div class=\"elementor-element elementor-element-5ac4af7 elementor-widget elementor-widget-heading\" data-id=\"5ac4af7\" data-element_type=\"widget\" data-e-type=\"widget\" data-widget_type=\"heading.default\">\n\t\t\t\t<div class=\"elementor-widget-container\">\n\t\t\t\t\t<span class=\"elementor-heading-title elementor-size-default\">A trav\u00e9s del tiempo, siempre en contacto directo con nuestros clientes, hemos ido observando y atendiendo sus necesidades, integrando a nuestro stock la mayor\u00eda de partes que se solicitan m\u00e1s asiduamente, con el objetivo de atender de inmediato los requerimientos diarios, ubicando tambi\u00e9n los mejores y m\u00e1s eficientes proveedores internacionales para asegurar la mejor calidad, los mejores precios y mejor tiempo de entrega, debido a la demanda existente y a la firmeza de nuestra compa\u00f1\u00eda.<\/span>\t\t\t\t<\/div>\n\t\t\t\t<\/div>\n\t\t\t\t<\/div>\n\t\t\t\t\t<\/div>\n\t\t\t\t<\/div>\n\t\t<div class=\"elementor-element elementor-element-e90f62c e-flex e-con-boxed e-con e-parent\" data-id=\"e90f62c\" data-element_type=\"container\" data-e-type=\"container\">\n\t\t\t\t\t<div class=\"e-con-inner\">\n\t\t<div class=\"elementor-element elementor-element-0c682a2 e-con-full e-flex e-con e-child\" data-id=\"0c682a2\" data-element_type=\"container\" data-e-type=\"container\">\n\t\t\t\t<div class=\"elementor-element elementor-element-cc91ee5 elementor-widget elementor-widget-image\" data-id=\"cc91ee5\" data-element_type=\"widget\" data-e-type=\"widget\" data-widget_type=\"image.default\">\n\t\t\t\t<div class=\"elementor-widget-container\">\n\t\t\t\t\t\t\t\t\t\t\t\t\t\t\t<img fetchpriority=\"high\" decoding=\"async\" width=\"1920\" height=\"1211\" src=\"https:\/\/lamaos.com.co\/home\/wp-content\/uploads\/2024\/04\/excavator-1673927_1920.jpg\" class=\"attachment-full size-full wp-image-1892\" alt=\"\" srcset=\"https:\/\/lamaos.com.co\/home\/wp-content\/uploads\/2024\/04\/excavator-1673927_1920.jpg 1920w, https:\/\/lamaos.com.co\/home\/wp-content\/uploads\/2024\/04\/excavator-1673927_1920-600x378.jpg 600w, https:\/\/lamaos.com.co\/home\/wp-content\/uploads\/2024\/04\/excavator-1673927_1920-300x189.jpg 300w, https:\/\/lamaos.com.co\/home\/wp-content\/uploads\/2024\/04\/excavator-1673927_1920-1024x646.jpg 1024w, https:\/\/lamaos.com.co\/home\/wp-content\/uploads\/2024\/04\/excavator-1673927_1920-768x484.jpg 768w, https:\/\/lamaos.com.co\/home\/wp-content\/uploads\/2024\/04\/excavator-1673927_1920-1536x969.jpg 1536w\" sizes=\"(max-width: 1920px) 100vw, 1920px\" \/>\t\t\t\t\t\t\t\t\t\t\t\t\t\t\t<\/div>\n\t\t\t\t<\/div>\n\t\t\t\t<\/div>\n\t\t<div class=\"elementor-element elementor-element-b29abee e-con-full e-flex e-con e-child\" data-id=\"b29abee\" data-element_type=\"container\" data-e-type=\"container\">\n\t\t\t\t<div class=\"elementor-element elementor-element-f095111 elementor-widget elementor-widget-heading\" data-id=\"f095111\" data-element_type=\"widget\" data-e-type=\"widget\" data-widget_type=\"heading.default\">\n\t\t\t\t<div class=\"elementor-widget-container\">\n\t\t\t\t\t<h2 class=\"elementor-heading-title elementor-size-default\">nuestra misi\u00f3n<\/h2>\t\t\t\t<\/div>\n\t\t\t\t<\/div>\n\t\t\t\t<div class=\"elementor-element elementor-element-5990b83 elementor-widget elementor-widget-text-editor\" data-id=\"5990b83\" data-element_type=\"widget\" data-e-type=\"widget\" data-widget_type=\"text-editor.default\">\n\t\t\t\t<div class=\"elementor-widget-container\">\n\t\t\t\t\t\t\t\t\t<p>Importar y suministrar repuestos de maquinaria pesada y productos de ferreter\u00eda industria, as\u00ed acaparando y satisfaciendo de una manera m\u00e1s grande las necesidades de nuestros clientes, pensando en sus requerimientos con precios competitivos y un gran servicio, mediante la implementaci\u00f3n de procesos de organizaci\u00f3n, personal altamente calificado, ofreciendo calidad y cumplimiento.<\/p>\t\t\t\t\t\t\t\t<\/div>\n\t\t\t\t<\/div>\n\t\t\t\t<\/div>\n\t\t\t\t\t<\/div>\n\t\t\t\t<\/div>\n\t\t<div class=\"elementor-element elementor-element-9c8257d e-flex e-con-boxed e-con e-parent\" data-id=\"9c8257d\" data-element_type=\"container\" data-e-type=\"container\">\n\t\t\t\t\t<div class=\"e-con-inner\">\n\t\t<div class=\"elementor-element elementor-element-40b5764 e-con-full e-flex e-con e-child\" data-id=\"40b5764\" data-element_type=\"container\" data-e-type=\"container\">\n\t\t\t\t<div class=\"elementor-element elementor-element-d1d1242 elementor-widget elementor-widget-heading\" data-id=\"d1d1242\" data-element_type=\"widget\" data-e-type=\"widget\" data-widget_type=\"heading.default\">\n\t\t\t\t<div class=\"elementor-widget-container\">\n\t\t\t\t\t<h2 class=\"elementor-heading-title elementor-size-default\">nuestra visi\u00f3n<\/h2>\t\t\t\t<\/div>\n\t\t\t\t<\/div>\n\t\t\t\t<div class=\"elementor-element elementor-element-6d36dbf elementor-widget elementor-widget-text-editor\" data-id=\"6d36dbf\" data-element_type=\"widget\" data-e-type=\"widget\" data-widget_type=\"text-editor.default\">\n\t\t\t\t<div class=\"elementor-widget-container\">\n\t\t\t\t\t\t\t\t\t<p><span style=\"color: #333333; font-family: Muli, Arial, Tahoma, sans-serif; font-size: 16px;\">Posicionarnos a nivel nacional como l\u00edderes en el mercado de repuestos de maquinaria pesada y productos de ferreter\u00eda industrial, as\u00ed logrando un complemento de satisfacci\u00f3n para nuestros clientes, siendo reconocidos por nuestra calidad en el mercado.<\/span><\/p>\t\t\t\t\t\t\t\t<\/div>\n\t\t\t\t<\/div>\n\t\t\t\t<\/div>\n\t\t<div class=\"elementor-element elementor-element-e412e8a e-con-full e-flex e-con e-child\" data-id=\"e412e8a\" data-element_type=\"container\" data-e-type=\"container\">\n\t\t\t\t<div class=\"elementor-element elementor-element-83b379f elementor-widget elementor-widget-image\" data-id=\"83b379f\" data-element_type=\"widget\" data-e-type=\"widget\" data-widget_type=\"image.default\">\n\t\t\t\t<div class=\"elementor-widget-container\">\n\t\t\t\t\t\t\t\t\t\t\t\t\t\t\t<img decoding=\"async\" width=\"2400\" height=\"1600\" src=\"https:\/\/lamaos.com.co\/home\/wp-content\/uploads\/2024\/04\/built-robotics-92nDruwPF2s-unsplash-2.jpg\" class=\"attachment-full size-full wp-image-1924\" alt=\"\" srcset=\"https:\/\/lamaos.com.co\/home\/wp-content\/uploads\/2024\/04\/built-robotics-92nDruwPF2s-unsplash-2.jpg 2400w, https:\/\/lamaos.com.co\/home\/wp-content\/uploads\/2024\/04\/built-robotics-92nDruwPF2s-unsplash-2-600x400.jpg 600w, https:\/\/lamaos.com.co\/home\/wp-content\/uploads\/2024\/04\/built-robotics-92nDruwPF2s-unsplash-2-300x200.jpg 300w, https:\/\/lamaos.com.co\/home\/wp-content\/uploads\/2024\/04\/built-robotics-92nDruwPF2s-unsplash-2-1024x683.jpg 1024w, https:\/\/lamaos.com.co\/home\/wp-content\/uploads\/2024\/04\/built-robotics-92nDruwPF2s-unsplash-2-768x512.jpg 768w, https:\/\/lamaos.com.co\/home\/wp-content\/uploads\/2024\/04\/built-robotics-92nDruwPF2s-unsplash-2-1536x1024.jpg 1536w, https:\/\/lamaos.com.co\/home\/wp-content\/uploads\/2024\/04\/built-robotics-92nDruwPF2s-unsplash-2-2048x1365.jpg 2048w\" sizes=\"(max-width: 2400px) 100vw, 2400px\" \/>\t\t\t\t\t\t\t\t\t\t\t\t\t\t\t<\/div>\n\t\t\t\t<\/div>\n\t\t\t\t<\/div>\n\t\t\t\t\t<\/div>\n\t\t\t\t<\/div>\n\t\t<div class=\"elementor-element elementor-element-a66f89c e-flex e-con-boxed e-con e-parent\" data-id=\"a66f89c\" data-element_type=\"container\" data-e-type=\"container\">\n\t\t\t\t\t<div class=\"e-con-inner\">\n\t\t\t\t<div class=\"elementor-element elementor-element-6035a71 elementor-invisible elementor-widget elementor-widget-counter\" data-id=\"6035a71\" data-element_type=\"widget\" data-e-type=\"widget\" data-settings=\"{&quot;_animation&quot;:&quot;fadeIn&quot;,&quot;_animation_delay&quot;:1000}\" data-widget_type=\"counter.default\">\n\t\t\t\t<div class=\"elementor-widget-container\">\n\t\t\t\t\t\t\t<div class=\"elementor-counter\">\n\t\t\t<div class=\"elementor-counter-title\">25 A\u00d1OS DE EXPERIENCIA CERTIFICADA, SIN\u00d3NIMO DE GARANTIA\u200b<\/div>\t\t\t<div class=\"elementor-counter-number-wrapper\">\n\t\t\t\t<span class=\"elementor-counter-number-prefix\"><\/span>\n\t\t\t\t<span class=\"elementor-counter-number\" data-duration=\"5000\" data-to-value=\"2024\" data-from-value=\"1999\">1999<\/span>\n\t\t\t\t<span class=\"elementor-counter-number-suffix\"><\/span>\n\t\t\t<\/div>\n\t\t<\/div>\n\t\t\t\t\t\t<\/div>\n\t\t\t\t<\/div>\n\t\t\t\t\t<\/div>\n\t\t\t\t<\/div>\n\t\t<div class=\"elementor-element elementor-element-3d139ce e-flex e-con-boxed e-con e-parent\" data-id=\"3d139ce\" data-element_type=\"container\" data-e-type=\"container\">\n\t\t\t\t\t<div class=\"e-con-inner\">\n\t\t\t\t<div class=\"elementor-element elementor-element-08821cf elementor-widget elementor-widget-image\" data-id=\"08821cf\" data-element_type=\"widget\" data-e-type=\"widget\" data-widget_type=\"image.default\">\n\t\t\t\t<div class=\"elementor-widget-container\">\n\t\t\t\t\t\t\t\t\t\t\t\t\t\t\t<img decoding=\"async\" width=\"1024\" height=\"85\" src=\"https:\/\/lamaos.com.co\/home\/wp-content\/uploads\/2024\/09\/White-Minimalist-Simple-Aesthetic-Name-Twitter-Header-e1727542448250-1024x85.png\" class=\"attachment-large size-large wp-image-2087\" alt=\"\" srcset=\"https:\/\/lamaos.com.co\/home\/wp-content\/uploads\/2024\/09\/White-Minimalist-Simple-Aesthetic-Name-Twitter-Header-e1727542448250-1024x85.png 1024w, https:\/\/lamaos.com.co\/home\/wp-content\/uploads\/2024\/09\/White-Minimalist-Simple-Aesthetic-Name-Twitter-Header-e1727542448250-600x50.png 600w, https:\/\/lamaos.com.co\/home\/wp-content\/uploads\/2024\/09\/White-Minimalist-Simple-Aesthetic-Name-Twitter-Header-e1727542448250-300x25.png 300w, https:\/\/lamaos.com.co\/home\/wp-content\/uploads\/2024\/09\/White-Minimalist-Simple-Aesthetic-Name-Twitter-Header-e1727542448250-768x64.png 768w, https:\/\/lamaos.com.co\/home\/wp-content\/uploads\/2024\/09\/White-Minimalist-Simple-Aesthetic-Name-Twitter-Header-e1727542448250.png 1500w\" sizes=\"(max-width: 1024px) 100vw, 1024px\" \/>\t\t\t\t\t\t\t\t\t\t\t\t\t\t\t<\/div>\n\t\t\t\t<\/div>\n\t\t\t\t\t<\/div>\n\t\t\t\t<\/div>\n\t\t\t\t<\/div>\n\t\t","protected":false},"excerpt":{"rendered":"<p>nuestro compromiso A trav\u00e9s del tiempo, siempre en contacto directo con nuestros clientes, hemos ido observando y atendiendo sus necesidades, integrando a nuestro stock la mayor\u00eda de partes que se solicitan m\u00e1s asiduamente, con el objetivo de atender de inmediato los requerimientos diarios, ubicando tambi\u00e9n los mejores y m\u00e1s eficientes proveedores internacionales para asegurar la [&hellip;]<\/p>\n","protected":false},"author":1,"featured_media":0,"parent":0,"menu_order":0,"comment_status":"closed","ping_status":"closed","template":"","meta":{"site-sidebar-layout":"no-sidebar","site-content-layout":"page-builder","ast-site-content-layout":"full-width-container","site-content-style":"unboxed","site-sidebar-style":"unboxed","ast-global-header-display":"","ast-banner-title-visibility":"","ast-main-header-display":"","ast-hfb-above-header-display":"","ast-hfb-below-header-display":"","ast-hfb-mobile-header-display":"","site-post-title":"disabled","ast-breadcrumbs-content":"","ast-featured-img":"disabled","footer-sml-layout":"","theme-transparent-header-meta":"disabled","adv-header-id-meta":"","stick-header-meta":"","header-above-stick-meta":"","header-main-stick-meta":"","header-below-stick-meta":"","astra-migrate-meta-layouts":"set","ast-page-background-enabled":"default","ast-page-background-meta":{"desktop":{"background-color":"var(--ast-global-color-4)","background-image":"","background-repeat":"repeat","background-position":"center center","background-size":"auto","background-attachment":"scroll","background-type":"","background-media":"","overlay-type":"","overlay-color":"","overlay-opacity":"","overlay-gradient":""},"tablet":{"background-color":"","background-image":"","background-repeat":"repeat","background-position":"center center","background-size":"auto","background-attachment":"scroll","background-type":"","background-media":"","overlay-type":"","overlay-color":"","overlay-opacity":"","overlay-gradient":""},"mobile":{"background-color":"","background-image":"","background-repeat":"repeat","background-position":"center center","background-size":"auto","background-attachment":"scroll","background-type":"","background-media":"","overlay-type":"","overlay-color":"","overlay-opacity":"","overlay-gradient":""}},"ast-content-background-meta":{"desktop":{"background-color":"var(--ast-global-color-5)","background-image":"","background-repeat":"repeat","background-position":"center center","background-size":"auto","background-attachment":"scroll","background-type":"","background-media":"","overlay-type":"","overlay-color":"","overlay-opacity":"","overlay-gradient":""},"tablet":{"background-color":"var(--ast-global-color-5)","background-image":"","background-repeat":"repeat","background-position":"center center","background-size":"auto","background-attachment":"scroll","background-type":"","background-media":"","overlay-type":"","overlay-color":"","overlay-opacity":"","overlay-gradient":""},"mobile":{"background-color":"var(--ast-global-color-5)","background-image":"","background-repeat":"repeat","background-position":"center center","background-size":"auto","background-attachment":"scroll","background-type":"","background-media":"","overlay-type":"","overlay-color":"","overlay-opacity":"","overlay-gradient":""}},"_joinchat":[],"footnotes":""},"class_list":["post-1819","page","type-page","status-publish","hentry"],"_links":{"self":[{"href":"https:\/\/lamaos.com.co\/home\/wp-json\/wp\/v2\/pages\/1819","targetHints":{"allow":["GET"]}}],"collection":[{"href":"https:\/\/lamaos.com.co\/home\/wp-json\/wp\/v2\/pages"}],"about":[{"href":"https:\/\/lamaos.com.co\/home\/wp-json\/wp\/v2\/types\/page"}],"author":[{"embeddable":true,"href":"https:\/\/lamaos.com.co\/home\/wp-json\/wp\/v2\/users\/1"}],"replies":[{"embeddable":true,"href":"https:\/\/lamaos.com.co\/home\/wp-json\/wp\/v2\/comments?post=1819"}],"version-history":[{"count":25,"href":"https:\/\/lamaos.com.co\/home\/wp-json\/wp\/v2\/pages\/1819\/revisions"}],"predecessor-version":[{"id":2112,"href":"https:\/\/lamaos.com.co\/home\/wp-json\/wp\/v2\/pages\/1819\/revisions\/2112"}],"wp:attachment":[{"href":"https:\/\/lamaos.com.co\/home\/wp-json\/wp\/v2\/media?parent=1819"}],"curies":[{"name":"wp","href":"https:\/\/api.w.org\/{rel}","templated":true}]}}